{"id":2161,"date":"2020-01-20T11:07:09","date_gmt":"2020-01-20T15:07:09","guid":{"rendered":"https:\/\/opportunitepeyi.fr\/?page_id=2161"},"modified":"2025-07-15T00:29:51","modified_gmt":"2025-07-15T04:29:51","slug":"contact","status":"publish","type":"page","link":"https:\/\/opportunitepeyi.fr\/index.php\/contact\/","title":{"rendered":"Contact"},"content":{"rendered":"\n<section class=\"wp-block-uagb-section uagb-section__wrap uagb-section__background-image alignwide uagb-block-04c04cbe-6024-4f50-adcf-1fbab1a141cd\"><div class=\"uagb-section__overlay\"><\/div><div class=\"uagb-section__inner-wrap\">\n<div class=\"wp-block-uagb-advanced-heading uagb-block-f7a9e791-f433-4264-a593-bbd8817ad317\"><h1 class=\"uagb-heading-text\"><span style=\"color: #ffffff;\" class=\"ugb-highlight\">Contact<\/span><\/h1><\/div>\n\n\n\n<p><\/p>\n<\/div><\/section>\n\n\n\n<section class=\"wp-block-uagb-columns uagb-columns__wrap uagb-columns__background-none uagb-columns__stack-mobile uagb-columns__valign- uagb-columns__gap-10 align uagb-block-ea713548-5ce8-4e6d-a319-1f7c67500a59 uagb-columns__columns-2 uagb-columns__max_width-theme\"><div class=\"uagb-columns__overlay\"><\/div><div class=\"uagb-columns__inner-wrap uagb-columns__columns-2\">\n<div class=\"wp-block-uagb-column uagb-column__wrap uagb-column__background-undefined uagb-block-a7de2fe0-8bf3-466a-bc1c-128cc1028245\"><div class=\"uagb-column__overlay\"><\/div>\t\t\t<div \n\t\t\tclass=\"wp-block-uagb-google-map uagb-google-map__wrap uagb-block-425144e8-fd75-4d24-bdd3-95cdeb2e15da     \"\n\t\t\tstyle=\"\" >\n\t\t\t\t<embed\n\t\t\t\t\tclass=\"uagb-google-map__iframe\"\n\t\t\t\t\ttitle=\"Carte Google pour \"\n\t\t\t\t\tsrc=\"https:\/\/maps.google.com\/maps?q=martinique&#038;z=11&#038;hl=en&#038;t=m&#038;output=embed&#038;iwloc=near\"\n\t\t\t\t\twidth=\"640\"\n\t\t\t\t\theight=\"350\"\n\t\t\t\t\tloading=\"lazy\"\n\t\t\t\t><\/embed>\n\t\t\t<\/div>\n\t\t\t\n\n\n<p><\/p>\n<\/div>\n\n\n\n<div class=\"wp-block-uagb-column uagb-column__wrap uagb-column__background-undefined uagb-block-d7bcb09a-3258-46db-a428-2886874b31e0\"><div class=\"uagb-column__overlay\"><\/div>\n<div class=\"wp-block-uagb-advanced-heading uagb-block-04314f77-b26b-4bcd-87ba-f4a01184bc20\"><h2 class=\"uagb-heading-text\">Contactez-nous !<\/h2><\/div>\n\n\n\n<div class=\"wp-block-jetpack-contact-info\">\n<div class=\"wp-block-jetpack-email\"><a href=\"mailto:opportunitepeyi@gmail.com\">opportunitepeyi@gmail.com<\/a><\/div>\n\n\n\n<div class=\"wp-block-jetpack-phone\"><a href=\"tel:0696935798\">0696935798<\/a><\/div>\n\n\n\n<div class=\"wp-block-jetpack-address\"><div><span class=\"jetpack-address__region\">Martinique (FWI)<\/span> <span class=\"jetpack-address__postal\"><\/span><\/div><\/div>\n\n\n\n<div style=\"height:40px\" aria-hidden=\"true\" class=\"wp-block-spacer\"><\/div>\n<\/div>\n\n\n\n<hr class=\"wp-block-separator has-text-color has-very-dark-gray-color has-css-opacity has-very-dark-gray-background-color has-background\"\/>\n\n\n\n<p class=\"has-text-align-center\">Sinon, nous faisons des marches (lien vers le site marches-d\u00e9couvertes) le dimanche. Nous pourrions \u00e9changer lors de l&rsquo;une d&rsquo;elles.<\/p>\n<\/div>\n<\/div><\/section>\n\n\n\n<section class=\"wp-block-uagb-columns uagb-columns__wrap uagb-columns__background-none uagb-columns__stack-mobile uagb-columns__valign- uagb-columns__gap-10 align uagb-block-19c09b2e-af7a-4670-a6ed-49d0ebd56f03 uagb-columns__columns-2 uagb-columns__max_width-theme\"><div class=\"uagb-columns__overlay\"><\/div><div class=\"uagb-columns__inner-wrap uagb-columns__columns-2\">\n<div class=\"wp-block-uagb-column uagb-column__wrap uagb-column__background-undefined uagb-block-28eff90f-156d-4f54-a4f8-f87ef48f3913\"><div class=\"uagb-column__overlay\"><\/div>\n<div class=\"wp-block-uagb-advanced-heading uagb-block-66903dca-fe1f-4659-bf9e-4aa78bbaefef\"><h2 class=\"uagb-heading-text\">Vous avez des remarques ?<\/h2><p class=\"uagb-desc-text\">N&rsquo;h\u00e9sitez pas. Utilisez ce formulaire de contact.<\/p><\/div>\n\n\n\n<p><\/p>\n<\/div>\n\n\n\n<div class=\"wp-block-uagb-column uagb-column__wrap uagb-column__background-undefined uagb-block-2cb19eaa-cbb7-43a2-8b4d-d088dbbe8794\"><div class=\"uagb-column__overlay\"><\/div><div class=\"wp-block-jetpack-contact-form is-style-animated\"><a href=\"https:\/\/opportunitepeyi.fr\/index.php\/contact\/\" target=\"_blank\" rel=\"noopener noreferrer\">Soumettre un formulaire.<\/a><\/div><\/div>\n<\/div><\/section>\n\n\n\n<section class=\"wp-block-uagb-columns uagb-columns__wrap uagb-columns__background-none uagb-columns__stack-mobile uagb-columns__valign- uagb-columns__gap-10 align uagb-block-6136d9f9-7d71-4d7d-87e3-a033dda8cae1 uagb-columns__columns-1 uagb-columns__max_width-theme\"><div class=\"uagb-columns__overlay\"><\/div><div class=\"uagb-columns__inner-wrap uagb-columns__columns-1\">\n<div class=\"wp-block-uagb-column uagb-column__wrap uagb-column__background-undefined uagb-block-49d6aac3-d3d9-40ac-94b8-109c80e35d10\"><div class=\"uagb-column__overlay\"><\/div>\n<div class=\"wp-block-uagb-advanced-heading uagb-block-ff3feea1-beab-4cd5-9f54-c35e5effa889\"><h2 class=\"uagb-heading-text\">Nous soutenir<\/h2><\/div>\n\n\n\n<div style=\"height:50px\" aria-hidden=\"true\" class=\"wp-block-spacer\"><\/div>\n\n\n\n<div class=\"wp-block-advgb-list\"><ul class=\"advgblist-1dd38a75-0cf5-4b07-af1c-c96f879b9c24 advgb-list advgb-list-arrow-right-alt\">\n<li>Notre Whishlist<\/li>\n\n\n\n<li>Offrez-nous une bi\u00e8re<\/li>\n\n\n\n<li>Devenir M\u00e9c\u00e8ne<\/li>\n<\/ul><\/div>\n<\/div>\n<\/div><\/section>\n\n\n\n<section class=\"wp-block-uagb-columns uagb-columns__wrap uagb-columns__background-image uagb-columns__stack-mobile uagb-columns__valign- uagb-columns__gap-10 alignfull uagb-block-ef98a385 uagb-columns__columns-3 uagb-columns__max_width-theme\"><div class=\"uagb-columns__overlay\"><\/div><div class=\"uagb-columns__inner-wrap uagb-columns__columns-3\">\n<div class=\"wp-block-uagb-column uagb-column__wrap uagb-column__background-undefined uagb-block-2b44abde\"><div class=\"uagb-column__overlay\"><\/div>\n<p><\/p>\n<\/div>\n\n\n\n<div class=\"wp-block-uagb-column uagb-column__wrap uagb-column__background-undefined uagb-block-d1ac302f\"><div class=\"uagb-column__overlay\"><\/div>\n<figure class=\"wp-block-image aligncenter size-large\"><img loading=\"lazy\" decoding=\"async\" width=\"111\" height=\"100\" src=\"https:\/\/opportunitepeyi.fr\/wp-content\/uploads\/2020\/01\/logo-opportunit\u00e94-blanc.png\" alt=\"\" class=\"wp-image-2150\" srcset=\"https:\/\/opportunitepeyi.fr\/wp-content\/uploads\/2020\/01\/logo-opportunit\u00e94-blanc.png 111w, https:\/\/opportunitepeyi.fr\/wp-content\/uploads\/2020\/01\/logo-opportunit\u00e94-blanc-50x45.png 50w, https:\/\/opportunitepeyi.fr\/wp-content\/uploads\/2020\/01\/logo-opportunit\u00e94-blanc-56x50.png 56w, https:\/\/opportunitepeyi.fr\/wp-content\/uploads\/2020\/01\/logo-opportunit\u00e94-blanc-100x90.png 100w\" sizes=\"auto, (max-width: 111px) 100vw, 111px\" \/><\/figure>\n\n\n\n<p class=\"has-text-align-center has-white-color has-text-color has-link-color has-fira-sans-font-family has-large-font-size has-custom-font wp-elements-417810f051356a5a3d76c0dc7438b61b\" style=\"line-height:1.5;font-family:Fira Sans\">\u00ab\u00a0Ne juge pas chaque jour \u00e0 la r\u00e9colte que tu fais mais aux graines que tu s\u00e8mes.\u00a0\u00bb<\/p>\n\n\n\n<div class=\"wp-block-uagb-advanced-heading uagb-block-999195c1\" id=\"uagb-adv-heading-c082b561-5740-407e-9644-33a3a723f2c7\"><h2 class=\"uagb-heading-text\"> <\/h2><\/div>\n\n\n\n<div style=\"height:60px\" aria-hidden=\"true\" class=\"wp-block-spacer\"><\/div>\n<\/div>\n\n\n\n<div class=\"wp-block-uagb-column uagb-column__wrap uagb-column__background-undefined uagb-block-8886a731\"><div class=\"uagb-column__overlay\"><\/div>\n<p><\/p>\n<\/div>\n<\/div><\/section>\n<style class=\"advgb-styles-renderer\">.wp-block-advgb-list ul.advgblist-1dd38a75-0cf5-4b07-af1c-c96f879b9c24 > li{font-size:16px;}.wp-block-advgb-list ul.advgblist-1dd38a75-0cf5-4b07-af1c-c96f879b9c24 > li{padding-left:18px;margin-left:0;}.wp-block-advgb-list ul.advgblist-1dd38a75-0cf5-4b07-af1c-c96f879b9c24 > li:before{font-size:16px;color:#000;line-height:18px;margin:2px;padding:2px;margin-left:-20px}.wp-block-advgb-list ul.advgblist-1dd38a75-0cf5-4b07-af1c-c96f879b9c24 > li{font-size:16px;}.wp-block-advgb-list ul.advgblist-1dd38a75-0cf5-4b07-af1c-c96f879b9c24 > li{padding-left:18px;margin-left:0;}.wp-block-advgb-list ul.advgblist-1dd38a75-0cf5-4b07-af1c-c96f879b9c24 > li:before{font-size:16px;color:#000;line-height:18px;margin:2px;padding:2px;margin-left:-20px}.wp-block-advgb-list ul.advgblist-1dd38a75-0cf5-4b07-af1c-c96f879b9c24 > li{font-size:16px;}.wp-block-advgb-list ul.advgblist-1dd38a75-0cf5-4b07-af1c-c96f879b9c24 > li{padding-left:18px;margin-left:0;}.wp-block-advgb-list ul.advgblist-1dd38a75-0cf5-4b07-af1c-c96f879b9c24 > li:before{font-size:16px;color:#000;line-height:18px;margin:2px;padding:2px;margin-left:-20px}<\/style>","protected":false},"excerpt":{"rendered":"<p>Contactez-nous ! Sinon, nous faisons des marches (lien vers le site marches-d\u00e9couvertes) le dimanche. Nous pourrions \u00e9changer lors de l&rsquo;une d&rsquo;elles. Vous avez des remarques ? N&rsquo;h\u00e9sitez pas. Utilisez ce formulaire de contact. Nous soutenir<\/p>\n","protected":false},"author":1,"featured_media":0,"parent":0,"menu_order":0,"comment_status":"closed","ping_status":"closed","template":"","meta":{"_coblocks_attr":"","_coblocks_dimensions":"","_coblocks_responsive_height":"","_coblocks_accordion_ie_support":"","_uag_custom_page_level_css":"","advgb_blocks_editor_width":"full","advgb_blocks_columns_visual_guide":"","site-sidebar-layout":"default","site-content-layout":"default","ast-site-content-layout":"default","site-content-style":"default","site-sidebar-style":"default","ast-global-header-display":"","ast-banner-title-visibility":"","ast-main-header-display":"","ast-hfb-above-header-display":"","ast-hfb-below-header-display":"","ast-hfb-mobile-header-display":"","site-post-title":"disabled","ast-breadcrumbs-content":"","ast-featured-img":"","footer-sml-layout":"","theme-transparent-header-meta":"default","adv-header-id-meta":"","stick-header-meta":"","header-above-stick-meta":"","header-main-stick-meta":"","header-below-stick-meta":"","astra-migrate-meta-layouts":"set","ast-page-background-enabled":"default","ast-page-background-meta":{"desktop":{"background-color":"","background-image":"","background-repeat":"repeat","background-position":"center center","background-size":"auto","background-attachment":"scroll","background-type":"","background-media":"","overlay-type":"","overlay-color":"","overlay-opacity":"","overlay-gradient":""},"tablet":{"background-color":"","background-image":"","background-repeat":"repeat","background-position":"center center","background-size":"auto","background-attachment":"scroll","background-type":"","background-media":"","overlay-type":"","overlay-color":"","overlay-opacity":"","overlay-gradient":""},"mobile":{"background-color":"","background-image":"","background-repeat":"repeat","background-position":"center center","background-size":"auto","background-attachment":"scroll","background-type":"","background-media":"","overlay-type":"","overlay-color":"","overlay-opacity":"","overlay-gradient":""}},"ast-content-background-meta":{"desktop":{"background-color":"var(--ast-global-color-5)","background-image":"","background-repeat":"repeat","background-position":"center center","background-size":"auto","background-attachment":"scroll","background-type":"","background-media":"","overlay-type":"","overlay-color":"","overlay-opacity":"","overlay-gradient":""},"tablet":{"background-color":"var(--ast-global-color-5)","background-image":"","background-repeat":"repeat","background-position":"center center","background-size":"auto","background-attachment":"scroll","background-type":"","background-media":"","overlay-type":"","overlay-color":"","overlay-opacity":"","overlay-gradient":""},"mobile":{"background-color":"var(--ast-global-color-5)","background-image":"","background-repeat":"repeat","background-position":"center center","background-size":"auto","background-attachment":"scroll","background-type":"","background-media":"","overlay-type":"","overlay-color":"","overlay-opacity":"","overlay-gradient":""}},"footnotes":""},"class_list":["post-2161","page","type-page","status-publish","hentry"],"featured_image_urls_v2":{"full":"","thumbnail":"","medium":"","medium_large":"","large":"","1536x1536":"","2048x2048":"","ab-block-post-grid-landscape":"","ab-block-post-grid-square":"","cosmic-thumbnail-50xAUTO":"","cosmic-thumbnail-AUTOx50":"","cosmic-thumbnail-100xAUTO":"","cosmic-thumbnail-AUTOx100":"","cosmic-thumbnail-100x100":"","cosmic-thumbnail-150x150":"","cosmic-thumbnail-300x225":"","cosmic-thumbnail-640x640":"","cosmic-thumbnail-AUTOx640":"","cosmic-thumbnail-640xAUTO":"","cosmic-thumbnail-960x960":"","cosmic-thumbnail-AUTOx960":"","cosmic-thumbnail-960xAUTO":"","cosmic-thumbnail-1024x768":"","cosmic-thumbnail-AUTOx768":"","cosmic-thumbnail-1024xAUTO":"","cosmic-thumbnail-1920x1080":"","cosmic-thumbnail-AUTOx1080":"","cosmic-thumbnail-1920xAUTO":"","jetpack-portfolio-admin-thumb":""},"post_excerpt_stackable_v2":"<p>Contact Contactez-nous ! opportunitepeyi@gmail.com 0696935798 Martinique (FWI) Sinon, nous faisons des marches (lien vers le site marches-d\u00e9couvertes) le dimanche. Nous pourrions \u00e9changer lors de l&rsquo;une d&rsquo;elles. Vous avez des remarques ?N&rsquo;h\u00e9sitez pas. Utilisez ce formulaire de contact. Soumettre un formulaire. Nous soutenir Notre Whishlist Offrez-nous une bi\u00e8re Devenir M\u00e9c\u00e8ne \u00ab\u00a0Ne juge pas chaque jour \u00e0 la r\u00e9colte que tu fais mais aux graines que tu s\u00e8mes.\u00a0\u00bb<\/p>\n","category_list_v2":"","author_info_v2":{"name":"admin","url":"https:\/\/opportunitepeyi.fr\/index.php\/author\/rolandc\/"},"comments_num_v2":"0 commentaire","yoast_head":"<!-- This site is optimized with the Yoast SEO plugin v25.5 - https:\/\/yoast.com\/wordpress\/plugins\/seo\/ -->\n<title>Contact - Opportunit\u00e9 P\u00e9yi<\/title>\n<meta name=\"robots\" content=\"index, follow, max-snippet:-1, max-image-preview:large, max-video-preview:-1\" \/>\n<link rel=\"canonical\" href=\"https:\/\/opportunitepeyi.fr\/index.php\/contact\/\" \/>\n<meta property=\"og:locale\" content=\"fr_FR\" \/>\n<meta property=\"og:type\" content=\"article\" \/>\n<meta property=\"og:title\" content=\"Contact - Opportunit\u00e9 P\u00e9yi\" \/>\n<meta property=\"og:description\" content=\"Contactez-nous ! Sinon, nous faisons des marches (lien vers le site marches-d\u00e9couvertes) le dimanche. Nous pourrions \u00e9changer lors de l&rsquo;une d&rsquo;elles. Vous avez des remarques ? N&rsquo;h\u00e9sitez pas. Utilisez ce formulaire de contact. Nous soutenir\" \/>\n<meta property=\"og:url\" content=\"https:\/\/opportunitepeyi.fr\/index.php\/contact\/\" \/>\n<meta property=\"og:site_name\" content=\"Opportunit\u00e9 P\u00e9yi\" \/>\n<meta property=\"article:modified_time\" content=\"2025-07-15T04:29:51+00:00\" \/>\n<meta property=\"og:image\" content=\"https:\/\/opportunitepeyi.fr\/wp-content\/uploads\/2020\/01\/logo-opportunit\u00e94-moyen.png\" \/>\n\t<meta property=\"og:image:width\" content=\"222\" \/>\n\t<meta property=\"og:image:height\" content=\"200\" \/>\n\t<meta property=\"og:image:type\" content=\"image\/png\" \/>\n<meta name=\"twitter:card\" content=\"summary_large_image\" \/>\n<meta name=\"twitter:label1\" content=\"Dur\u00e9e de lecture estim\u00e9e\" \/>\n\t<meta name=\"twitter:data1\" content=\"1 minute\" \/>\n<script type=\"application\/ld+json\" class=\"yoast-schema-graph\">{\"@context\":\"https:\/\/schema.org\",\"@graph\":[{\"@type\":\"WebPage\",\"@id\":\"https:\/\/opportunitepeyi.fr\/index.php\/contact\/\",\"url\":\"https:\/\/opportunitepeyi.fr\/index.php\/contact\/\",\"name\":\"Contact - Opportunit\u00e9 P\u00e9yi\",\"isPartOf\":{\"@id\":\"https:\/\/opportunitepeyi.fr\/#website\"},\"datePublished\":\"2020-01-20T15:07:09+00:00\",\"dateModified\":\"2025-07-15T04:29:51+00:00\",\"breadcrumb\":{\"@id\":\"https:\/\/opportunitepeyi.fr\/index.php\/contact\/#breadcrumb\"},\"inLanguage\":\"fr-FR\",\"potentialAction\":[{\"@type\":\"ReadAction\",\"target\":[\"https:\/\/opportunitepeyi.fr\/index.php\/contact\/\"]}]},{\"@type\":\"BreadcrumbList\",\"@id\":\"https:\/\/opportunitepeyi.fr\/index.php\/contact\/#breadcrumb\",\"itemListElement\":[{\"@type\":\"ListItem\",\"position\":1,\"name\":\"Home\",\"item\":\"https:\/\/opportunitepeyi.fr\/\"},{\"@type\":\"ListItem\",\"position\":2,\"name\":\"Contact\"}]},{\"@type\":\"WebSite\",\"@id\":\"https:\/\/opportunitepeyi.fr\/#website\",\"url\":\"https:\/\/opportunitepeyi.fr\/\",\"name\":\"Opportunit\u00e9 P\u00e9yi\",\"description\":\"Constructeur d&#039;opportunit\u00e9s\",\"publisher\":{\"@id\":\"https:\/\/opportunitepeyi.fr\/#organization\"},\"potentialAction\":[{\"@type\":\"SearchAction\",\"target\":{\"@type\":\"EntryPoint\",\"urlTemplate\":\"https:\/\/opportunitepeyi.fr\/?s={search_term_string}\"},\"query-input\":{\"@type\":\"PropertyValueSpecification\",\"valueRequired\":true,\"valueName\":\"search_term_string\"}}],\"inLanguage\":\"fr-FR\"},{\"@type\":\"Organization\",\"@id\":\"https:\/\/opportunitepeyi.fr\/#organization\",\"name\":\"Opportunit\u00e9 P\u00e9yi\",\"url\":\"https:\/\/opportunitepeyi.fr\/\",\"logo\":{\"@type\":\"ImageObject\",\"inLanguage\":\"fr-FR\",\"@id\":\"https:\/\/opportunitepeyi.fr\/#\/schema\/logo\/image\/\",\"url\":\"https:\/\/opportunitepeyi.fr\/wp-content\/uploads\/2020\/01\/logo-opportunit\u00e94-moyen.png\",\"contentUrl\":\"https:\/\/opportunitepeyi.fr\/wp-content\/uploads\/2020\/01\/logo-opportunit\u00e94-moyen.png\",\"width\":222,\"height\":200,\"caption\":\"Opportunit\u00e9 P\u00e9yi\"},\"image\":{\"@id\":\"https:\/\/opportunitepeyi.fr\/#\/schema\/logo\/image\/\"}}]}<\/script>\n<!-- \/ Yoast SEO plugin. -->","yoast_head_json":{"title":"Contact - Opportunit\u00e9 P\u00e9yi","robots":{"index":"index","follow":"follow","max-snippet":"max-snippet:-1","max-image-preview":"max-image-preview:large","max-video-preview":"max-video-preview:-1"},"canonical":"https:\/\/opportunitepeyi.fr\/index.php\/contact\/","og_locale":"fr_FR","og_type":"article","og_title":"Contact - Opportunit\u00e9 P\u00e9yi","og_description":"Contactez-nous ! Sinon, nous faisons des marches (lien vers le site marches-d\u00e9couvertes) le dimanche. Nous pourrions \u00e9changer lors de l&rsquo;une d&rsquo;elles. Vous avez des remarques ? N&rsquo;h\u00e9sitez pas. Utilisez ce formulaire de contact. Nous soutenir","og_url":"https:\/\/opportunitepeyi.fr\/index.php\/contact\/","og_site_name":"Opportunit\u00e9 P\u00e9yi","article_modified_time":"2025-07-15T04:29:51+00:00","og_image":[{"width":222,"height":200,"url":"https:\/\/opportunitepeyi.fr\/wp-content\/uploads\/2020\/01\/logo-opportunit\u00e94-moyen.png","type":"image\/png"}],"twitter_card":"summary_large_image","twitter_misc":{"Dur\u00e9e de lecture estim\u00e9e":"1 minute"},"schema":{"@context":"https:\/\/schema.org","@graph":[{"@type":"WebPage","@id":"https:\/\/opportunitepeyi.fr\/index.php\/contact\/","url":"https:\/\/opportunitepeyi.fr\/index.php\/contact\/","name":"Contact - Opportunit\u00e9 P\u00e9yi","isPartOf":{"@id":"https:\/\/opportunitepeyi.fr\/#website"},"datePublished":"2020-01-20T15:07:09+00:00","dateModified":"2025-07-15T04:29:51+00:00","breadcrumb":{"@id":"https:\/\/opportunitepeyi.fr\/index.php\/contact\/#breadcrumb"},"inLanguage":"fr-FR","potentialAction":[{"@type":"ReadAction","target":["https:\/\/opportunitepeyi.fr\/index.php\/contact\/"]}]},{"@type":"BreadcrumbList","@id":"https:\/\/opportunitepeyi.fr\/index.php\/contact\/#breadcrumb","itemListElement":[{"@type":"ListItem","position":1,"name":"Home","item":"https:\/\/opportunitepeyi.fr\/"},{"@type":"ListItem","position":2,"name":"Contact"}]},{"@type":"WebSite","@id":"https:\/\/opportunitepeyi.fr\/#website","url":"https:\/\/opportunitepeyi.fr\/","name":"Opportunit\u00e9 P\u00e9yi","description":"Constructeur d&#039;opportunit\u00e9s","publisher":{"@id":"https:\/\/opportunitepeyi.fr\/#organization"},"potentialAction":[{"@type":"SearchAction","target":{"@type":"EntryPoint","urlTemplate":"https:\/\/opportunitepeyi.fr\/?s={search_term_string}"},"query-input":{"@type":"PropertyValueSpecification","valueRequired":true,"valueName":"search_term_string"}}],"inLanguage":"fr-FR"},{"@type":"Organization","@id":"https:\/\/opportunitepeyi.fr\/#organization","name":"Opportunit\u00e9 P\u00e9yi","url":"https:\/\/opportunitepeyi.fr\/","logo":{"@type":"ImageObject","inLanguage":"fr-FR","@id":"https:\/\/opportunitepeyi.fr\/#\/schema\/logo\/image\/","url":"https:\/\/opportunitepeyi.fr\/wp-content\/uploads\/2020\/01\/logo-opportunit\u00e94-moyen.png","contentUrl":"https:\/\/opportunitepeyi.fr\/wp-content\/uploads\/2020\/01\/logo-opportunit\u00e94-moyen.png","width":222,"height":200,"caption":"Opportunit\u00e9 P\u00e9yi"},"image":{"@id":"https:\/\/opportunitepeyi.fr\/#\/schema\/logo\/image\/"}}]}},"featured_image_src":null,"featured_image_src_square":null,"uagb_featured_image_src":{"full":false,"thumbnail":false,"medium":false,"medium_large":false,"large":false,"1536x1536":false,"2048x2048":false,"ab-block-post-grid-landscape":false,"ab-block-post-grid-square":false,"cosmic-thumbnail-50xAUTO":false,"cosmic-thumbnail-AUTOx50":false,"cosmic-thumbnail-100xAUTO":false,"cosmic-thumbnail-AUTOx100":false,"cosmic-thumbnail-100x100":false,"cosmic-thumbnail-150x150":false,"cosmic-thumbnail-300x225":false,"cosmic-thumbnail-640x640":false,"cosmic-thumbnail-AUTOx640":false,"cosmic-thumbnail-640xAUTO":false,"cosmic-thumbnail-960x960":false,"cosmic-thumbnail-AUTOx960":false,"cosmic-thumbnail-960xAUTO":false,"cosmic-thumbnail-1024x768":false,"cosmic-thumbnail-AUTOx768":false,"cosmic-thumbnail-1024xAUTO":false,"cosmic-thumbnail-1920x1080":false,"cosmic-thumbnail-AUTOx1080":false,"cosmic-thumbnail-1920xAUTO":false,"jetpack-portfolio-admin-thumb":false},"uagb_author_info":{"display_name":"admin","author_link":"https:\/\/opportunitepeyi.fr\/index.php\/author\/rolandc\/"},"uagb_comment_info":0,"uagb_excerpt":"Contactez-nous ! Sinon, nous faisons des marches (lien vers le site marches-d\u00e9couvertes) le dimanche. Nous pourrions \u00e9changer lors de l&rsquo;une d&rsquo;elles. Vous avez des remarques ? N&rsquo;h\u00e9sitez pas. Utilisez ce formulaire de contact. Nous soutenir","coauthors":[],"author_meta":{"author_link":"https:\/\/opportunitepeyi.fr\/index.php\/author\/rolandc\/","display_name":"admin"},"relative_dates":{"created":"Publi\u00e9 6 ans il y a","modified":"Mis \u00e0 jour 9 mois il y a"},"absolute_dates":{"created":"Publi\u00e9 le janvier 20, 2020","modified":"Mise \u00e0 jour le juillet 15, 2025"},"absolute_dates_time":{"created":"Publi\u00e9 le janvier 20, 2020 11:07 am","modified":"Mise \u00e0 jour le juillet 15, 2025 12:29 am"},"featured_img_caption":"","featured_img":false,"series_order":"","jetpack_sharing_enabled":true,"_links":{"self":[{"href":"https:\/\/opportunitepeyi.fr\/index.php\/wp-json\/wp\/v2\/pages\/2161","targetHints":{"allow":["GET"]}}],"collection":[{"href":"https:\/\/opportunitepeyi.fr\/index.php\/wp-json\/wp\/v2\/pages"}],"about":[{"href":"https:\/\/opportunitepeyi.fr\/index.php\/wp-json\/wp\/v2\/types\/page"}],"author":[{"embeddable":true,"href":"https:\/\/opportunitepeyi.fr\/index.php\/wp-json\/wp\/v2\/users\/1"}],"replies":[{"embeddable":true,"href":"https:\/\/opportunitepeyi.fr\/index.php\/wp-json\/wp\/v2\/comments?post=2161"}],"version-history":[{"count":61,"href":"https:\/\/opportunitepeyi.fr\/index.php\/wp-json\/wp\/v2\/pages\/2161\/revisions"}],"predecessor-version":[{"id":2379,"href":"https:\/\/opportunitepeyi.fr\/index.php\/wp-json\/wp\/v2\/pages\/2161\/revisions\/2379"}],"wp:attachment":[{"href":"https:\/\/opportunitepeyi.fr\/index.php\/wp-json\/wp\/v2\/media?parent=2161"}],"curies":[{"name":"wp","href":"https:\/\/api.w.org\/{rel}","templated":true}]}}