{"id":61,"date":"2019-11-30T22:09:21","date_gmt":"2019-12-01T02:09:21","guid":{"rendered":"https:\/\/opportunitepeyi.fr\/?page_id=61"},"modified":"2020-01-27T12:18:39","modified_gmt":"2020-01-27T16:18:39","slug":"blog","status":"publish","type":"page","link":"https:\/\/opportunitepeyi.fr\/index.php\/blog\/","title":{"rendered":"Blog"},"content":{"rendered":"\n<header class=\"wp-block-uagb-section uagb-section__wrap uagb-section__background-image alignfull uagb-block-020054b1-90c3-4d7f-90a9-181398400b31\"><div class=\"uagb-section__overlay\"><\/div><div class=\"uagb-section__inner-wrap\">\n<p style=\"font-family:Montserrat;font-weight:500\" class=\"has-large-font-size has-custom-font has-custom-weight\"><span style=\"color: #eeeeee;\" class=\"ugb-highlight\">Blog<\/span><\/p>\n<\/div><\/header>\n\n\n\n<div class=\"wp-block-kadence-spacer aligncenter kt-block-spacer-_2a28f5-04\"><div class=\"kt-block-spacer kt-block-spacer-halign-center\" style=\"height:70px\"><\/div><\/div>\n\n\n\n<div class=\"aligncenter wp-block-ugb-blog-posts ugb-blog-posts ugb-f1eb385 ugb-blog-posts--v2 ugb-blog-posts--design-basic ugb-blog-posts--columns-1 ugb-main-block\" id=\"\"><div class=\"ugb-inner-block\"><div class=\"ugb-block-content\"><article class=\"ugb-blog-posts__item\"><div class=\"ugb-blog-posts__content\"><div class=\"ugb-blog-posts__category\"><a href=\"https:\/\/opportunitepeyi.fr\/index.php\/category\/uncategorized\/\" rel=\"category tag\">Uncategorized<\/a><\/div><h3 class=\"ugb-blog-posts__title\"><a href=\"https:\/\/opportunitepeyi.fr\/index.php\/2019\/11\/29\/hello-world\/\">Hello world!<\/a><\/h3><aside class=\"entry-meta ugb-blog-posts__meta\"><span>admin<\/span><span class=\"ugb-blog-posts__sep\">\u00b7<\/span><time datetime=\"2019-11-29T17:57:39-04:00\" class=\"ugb-blog-posts__date\">novembre 29, 2019<\/time><span class=\"ugb-blog-posts__sep\">\u00b7<\/span><span>1 commentaire<\/span><\/aside><div class=\"ugb-blog-posts__excerpt\"><p>Welcome to WordPress. This is your first post. Edit or delete it, then start writing!<\/p>\n<\/div><p class=\"ugb-blog-posts__readmore\"><a href=\"https:\/\/opportunitepeyi.fr\/index.php\/2019\/11\/29\/hello-world\/\">Lire la suite<\/a><\/p><\/div><\/article><\/div><\/div><\/div>\n<style class=\"advgb-styles-renderer\">.wp-block-kadence-spacer.kt-block-spacer-_2a28f5-04 .kt-block-spacer{height:70px;}.wp-block-kadence-spacer.kt-block-spacer-_2a28f5-04 .kt-divider{border-top-width:1px;height:1px;border-top-color:#eee;width:80%;border-top-style:solid;}.ugb-f1eb385 .ugb-blog-posts__title{order:1 !important}.ugb-f1eb385 .ugb-blog-posts__category{order:4 !important}.ugb-f1eb385 .ugb-blog-posts__excerpt{order:5 !important}.ugb-f1eb385 .ugb-blog-posts__readmore{order:5 !important}.ugb-f1eb385 .ugb-blog-posts__meta{order:10 !important}.ugb-f1eb385 .ugb-blog-posts__featured-image img{height:200px !important}.ugb-f1eb385 .ugb-blog-posts__title a{color:#313131 !important}.ugb-f1eb385 .ugb-blog-posts__title a:hover{color:#0693e3 !important}.ugb-f1eb385 .ugb-inner-block{text-align:left}<\/style>","protected":false},"excerpt":{"rendered":"<p>Uncategorized Hello world! admin\u00b7novembre 29, 2019\u00b71 commentaire Welcome to WordPress. This is your first post. Edit or delete it, then start writing! Lire la suite<\/p>\n","protected":false},"author":1,"featured_media":0,"parent":0,"menu_order":0,"comment_status":"closed","ping_status":"closed","template":"","meta":{"_coblocks_attr":"Montserrat","_coblocks_dimensions":"{\"coblocks-hero-02224628836\":{\"padding\":{\"paddingTop\":\"60px\",\"paddingRight\":\"60px\",\"paddingBottom\":\"60px\",\"paddingLeft\":\"60px\",\"paddingTopTablet\":null,\"paddingRightTablet\":null,\"paddingBottomTablet\":null,\"paddingLeftTablet\":null,\"paddingTopMobile\":null,\"paddingRightMobile\":null,\"paddingBottomMobile\":null,\"paddingLeftMobile\":null}}}","_coblocks_responsive_height":"","_coblocks_accordion_ie_support":"","_uag_custom_page_level_css":"","advgb_blocks_editor_width":"full","advgb_blocks_columns_visual_guide":"","site-sidebar-layout":"right-sidebar","site-content-layout":"plain-container","ast-site-content-layout":"default","site-content-style":"default","site-sidebar-style":"default","ast-global-header-display":"","ast-banner-title-visibility":"","ast-main-header-display":"","ast-hfb-above-header-display":"","ast-hfb-below-header-display":"","ast-hfb-mobile-header-display":"","site-post-title":"disabled","ast-breadcrumbs-content":"","ast-featured-img":"disabled","footer-sml-layout":"","theme-transparent-header-meta":"disabled","adv-header-id-meta":"","stick-header-meta":"","header-above-stick-meta":"","header-main-stick-meta":"","header-below-stick-meta":"","astra-migrate-meta-layouts":"default","ast-page-background-enabled":"default","ast-page-background-meta":{"desktop":{"background-color":"","background-image":"","background-repeat":"repeat","background-position":"center center","background-size":"auto","background-attachment":"scroll","background-type":"","background-media":"","overlay-type":"","overlay-color":"","overlay-opacity":"","overlay-gradient":""},"tablet":{"background-color":"","background-image":"","background-repeat":"repeat","background-position":"center center","background-size":"auto","background-attachment":"scroll","background-type":"","background-media":"","overlay-type":"","overlay-color":"","overlay-opacity":"","overlay-gradient":""},"mobile":{"background-color":"","background-image":"","background-repeat":"repeat","background-position":"center center","background-size":"auto","background-attachment":"scroll","background-type":"","background-media":"","overlay-type":"","overlay-color":"","overlay-opacity":"","overlay-gradient":""}},"ast-content-background-meta":{"desktop":{"background-color":"var(--ast-global-color-5)","background-image":"","background-repeat":"repeat","background-position":"center center","background-size":"auto","background-attachment":"scroll","background-type":"","background-media":"","overlay-type":"","overlay-color":"","overlay-opacity":"","overlay-gradient":""},"tablet":{"background-color":"var(--ast-global-color-5)","background-image":"","background-repeat":"repeat","background-position":"center center","background-size":"auto","background-attachment":"scroll","background-type":"","background-media":"","overlay-type":"","overlay-color":"","overlay-opacity":"","overlay-gradient":""},"mobile":{"background-color":"var(--ast-global-color-5)","background-image":"","background-repeat":"repeat","background-position":"center center","background-size":"auto","background-attachment":"scroll","background-type":"","background-media":"","overlay-type":"","overlay-color":"","overlay-opacity":"","overlay-gradient":""}},"footnotes":""},"class_list":["post-61","page","type-page","status-publish","hentry"],"featured_image_urls_v2":{"full":"","thumbnail":"","medium":"","medium_large":"","large":"","1536x1536":"","2048x2048":"","ab-block-post-grid-landscape":"","ab-block-post-grid-square":"","cosmic-thumbnail-50xAUTO":"","cosmic-thumbnail-AUTOx50":"","cosmic-thumbnail-100xAUTO":"","cosmic-thumbnail-AUTOx100":"","cosmic-thumbnail-100x100":"","cosmic-thumbnail-150x150":"","cosmic-thumbnail-300x225":"","cosmic-thumbnail-640x640":"","cosmic-thumbnail-AUTOx640":"","cosmic-thumbnail-640xAUTO":"","cosmic-thumbnail-960x960":"","cosmic-thumbnail-AUTOx960":"","cosmic-thumbnail-960xAUTO":"","cosmic-thumbnail-1024x768":"","cosmic-thumbnail-AUTOx768":"","cosmic-thumbnail-1024xAUTO":"","cosmic-thumbnail-1920x1080":"","cosmic-thumbnail-AUTOx1080":"","cosmic-thumbnail-1920xAUTO":"","jetpack-portfolio-admin-thumb":""},"post_excerpt_stackable_v2":"<p>Blog UncategorizedHello world!admin\u00b7novembre 29, 2019\u00b71 commentaireWelcome to WordPress. This is your first post. Edit or delete it, then start writing! Lire la suite<\/p>\n","category_list_v2":"","author_info_v2":{"name":"admin","url":"https:\/\/opportunitepeyi.fr\/index.php\/author\/rolandc\/"},"comments_num_v2":"0 commentaire","yoast_head":"<!-- This site is optimized with the Yoast SEO plugin v25.5 - https:\/\/yoast.com\/wordpress\/plugins\/seo\/ -->\n<title>Blog - Opportunit\u00e9 P\u00e9yi<\/title>\n<meta name=\"robots\" content=\"index, follow, max-snippet:-1, max-image-preview:large, max-video-preview:-1\" \/>\n<link rel=\"canonical\" href=\"https:\/\/opportunitepeyi.fr\/index.php\/blog\/\" \/>\n<meta property=\"og:locale\" content=\"fr_FR\" \/>\n<meta property=\"og:type\" content=\"article\" \/>\n<meta property=\"og:title\" content=\"Blog - Opportunit\u00e9 P\u00e9yi\" \/>\n<meta property=\"og:description\" content=\"Uncategorized Hello world! admin\u00b7novembre 29, 2019\u00b71 commentaire Welcome to WordPress. This is your first post. Edit or delete it, then start writing! Lire la suite\" \/>\n<meta property=\"og:url\" content=\"https:\/\/opportunitepeyi.fr\/index.php\/blog\/\" \/>\n<meta property=\"og:site_name\" content=\"Opportunit\u00e9 P\u00e9yi\" \/>\n<meta property=\"article:modified_time\" content=\"2020-01-27T16:18:39+00:00\" \/>\n<meta property=\"og:image\" content=\"https:\/\/opportunitepeyi.fr\/wp-content\/uploads\/2020\/01\/logo-opportunit\u00e94-moyen.png\" \/>\n\t<meta property=\"og:image:width\" content=\"222\" \/>\n\t<meta property=\"og:image:height\" content=\"200\" \/>\n\t<meta property=\"og:image:type\" content=\"image\/png\" \/>\n<meta name=\"twitter:card\" content=\"summary_large_image\" \/>\n<script type=\"application\/ld+json\" class=\"yoast-schema-graph\">{\"@context\":\"https:\/\/schema.org\",\"@graph\":[{\"@type\":\"WebPage\",\"@id\":\"https:\/\/opportunitepeyi.fr\/index.php\/blog\/\",\"url\":\"https:\/\/opportunitepeyi.fr\/index.php\/blog\/\",\"name\":\"Blog - Opportunit\u00e9 P\u00e9yi\",\"isPartOf\":{\"@id\":\"https:\/\/opportunitepeyi.fr\/#website\"},\"datePublished\":\"2019-12-01T02:09:21+00:00\",\"dateModified\":\"2020-01-27T16:18:39+00:00\",\"breadcrumb\":{\"@id\":\"https:\/\/opportunitepeyi.fr\/index.php\/blog\/#breadcrumb\"},\"inLanguage\":\"fr-FR\",\"potentialAction\":[{\"@type\":\"ReadAction\",\"target\":[\"https:\/\/opportunitepeyi.fr\/index.php\/blog\/\"]}]},{\"@type\":\"BreadcrumbList\",\"@id\":\"https:\/\/opportunitepeyi.fr\/index.php\/blog\/#breadcrumb\",\"itemListElement\":[{\"@type\":\"ListItem\",\"position\":1,\"name\":\"Home\",\"item\":\"https:\/\/opportunitepeyi.fr\/\"},{\"@type\":\"ListItem\",\"position\":2,\"name\":\"Blog\"}]},{\"@type\":\"WebSite\",\"@id\":\"https:\/\/opportunitepeyi.fr\/#website\",\"url\":\"https:\/\/opportunitepeyi.fr\/\",\"name\":\"Opportunit\u00e9 P\u00e9yi\",\"description\":\"Constructeur d&#039;opportunit\u00e9s\",\"publisher\":{\"@id\":\"https:\/\/opportunitepeyi.fr\/#organization\"},\"potentialAction\":[{\"@type\":\"SearchAction\",\"target\":{\"@type\":\"EntryPoint\",\"urlTemplate\":\"https:\/\/opportunitepeyi.fr\/?s={search_term_string}\"},\"query-input\":{\"@type\":\"PropertyValueSpecification\",\"valueRequired\":true,\"valueName\":\"search_term_string\"}}],\"inLanguage\":\"fr-FR\"},{\"@type\":\"Organization\",\"@id\":\"https:\/\/opportunitepeyi.fr\/#organization\",\"name\":\"Opportunit\u00e9 P\u00e9yi\",\"url\":\"https:\/\/opportunitepeyi.fr\/\",\"logo\":{\"@type\":\"ImageObject\",\"inLanguage\":\"fr-FR\",\"@id\":\"https:\/\/opportunitepeyi.fr\/#\/schema\/logo\/image\/\",\"url\":\"https:\/\/opportunitepeyi.fr\/wp-content\/uploads\/2020\/01\/logo-opportunit\u00e94-moyen.png\",\"contentUrl\":\"https:\/\/opportunitepeyi.fr\/wp-content\/uploads\/2020\/01\/logo-opportunit\u00e94-moyen.png\",\"width\":222,\"height\":200,\"caption\":\"Opportunit\u00e9 P\u00e9yi\"},\"image\":{\"@id\":\"https:\/\/opportunitepeyi.fr\/#\/schema\/logo\/image\/\"}}]}<\/script>\n<!-- \/ Yoast SEO plugin. -->","yoast_head_json":{"title":"Blog - Opportunit\u00e9 P\u00e9yi","robots":{"index":"index","follow":"follow","max-snippet":"max-snippet:-1","max-image-preview":"max-image-preview:large","max-video-preview":"max-video-preview:-1"},"canonical":"https:\/\/opportunitepeyi.fr\/index.php\/blog\/","og_locale":"fr_FR","og_type":"article","og_title":"Blog - Opportunit\u00e9 P\u00e9yi","og_description":"Uncategorized Hello world! admin\u00b7novembre 29, 2019\u00b71 commentaire Welcome to WordPress. This is your first post. Edit or delete it, then start writing! Lire la suite","og_url":"https:\/\/opportunitepeyi.fr\/index.php\/blog\/","og_site_name":"Opportunit\u00e9 P\u00e9yi","article_modified_time":"2020-01-27T16:18:39+00:00","og_image":[{"width":222,"height":200,"url":"https:\/\/opportunitepeyi.fr\/wp-content\/uploads\/2020\/01\/logo-opportunit\u00e94-moyen.png","type":"image\/png"}],"twitter_card":"summary_large_image","schema":{"@context":"https:\/\/schema.org","@graph":[{"@type":"WebPage","@id":"https:\/\/opportunitepeyi.fr\/index.php\/blog\/","url":"https:\/\/opportunitepeyi.fr\/index.php\/blog\/","name":"Blog - Opportunit\u00e9 P\u00e9yi","isPartOf":{"@id":"https:\/\/opportunitepeyi.fr\/#website"},"datePublished":"2019-12-01T02:09:21+00:00","dateModified":"2020-01-27T16:18:39+00:00","breadcrumb":{"@id":"https:\/\/opportunitepeyi.fr\/index.php\/blog\/#breadcrumb"},"inLanguage":"fr-FR","potentialAction":[{"@type":"ReadAction","target":["https:\/\/opportunitepeyi.fr\/index.php\/blog\/"]}]},{"@type":"BreadcrumbList","@id":"https:\/\/opportunitepeyi.fr\/index.php\/blog\/#breadcrumb","itemListElement":[{"@type":"ListItem","position":1,"name":"Home","item":"https:\/\/opportunitepeyi.fr\/"},{"@type":"ListItem","position":2,"name":"Blog"}]},{"@type":"WebSite","@id":"https:\/\/opportunitepeyi.fr\/#website","url":"https:\/\/opportunitepeyi.fr\/","name":"Opportunit\u00e9 P\u00e9yi","description":"Constructeur d&#039;opportunit\u00e9s","publisher":{"@id":"https:\/\/opportunitepeyi.fr\/#organization"},"potentialAction":[{"@type":"SearchAction","target":{"@type":"EntryPoint","urlTemplate":"https:\/\/opportunitepeyi.fr\/?s={search_term_string}"},"query-input":{"@type":"PropertyValueSpecification","valueRequired":true,"valueName":"search_term_string"}}],"inLanguage":"fr-FR"},{"@type":"Organization","@id":"https:\/\/opportunitepeyi.fr\/#organization","name":"Opportunit\u00e9 P\u00e9yi","url":"https:\/\/opportunitepeyi.fr\/","logo":{"@type":"ImageObject","inLanguage":"fr-FR","@id":"https:\/\/opportunitepeyi.fr\/#\/schema\/logo\/image\/","url":"https:\/\/opportunitepeyi.fr\/wp-content\/uploads\/2020\/01\/logo-opportunit\u00e94-moyen.png","contentUrl":"https:\/\/opportunitepeyi.fr\/wp-content\/uploads\/2020\/01\/logo-opportunit\u00e94-moyen.png","width":222,"height":200,"caption":"Opportunit\u00e9 P\u00e9yi"},"image":{"@id":"https:\/\/opportunitepeyi.fr\/#\/schema\/logo\/image\/"}}]}},"featured_image_src":null,"featured_image_src_square":null,"uagb_featured_image_src":{"full":false,"thumbnail":false,"medium":false,"medium_large":false,"large":false,"1536x1536":false,"2048x2048":false,"ab-block-post-grid-landscape":false,"ab-block-post-grid-square":false,"cosmic-thumbnail-50xAUTO":false,"cosmic-thumbnail-AUTOx50":false,"cosmic-thumbnail-100xAUTO":false,"cosmic-thumbnail-AUTOx100":false,"cosmic-thumbnail-100x100":false,"cosmic-thumbnail-150x150":false,"cosmic-thumbnail-300x225":false,"cosmic-thumbnail-640x640":false,"cosmic-thumbnail-AUTOx640":false,"cosmic-thumbnail-640xAUTO":false,"cosmic-thumbnail-960x960":false,"cosmic-thumbnail-AUTOx960":false,"cosmic-thumbnail-960xAUTO":false,"cosmic-thumbnail-1024x768":false,"cosmic-thumbnail-AUTOx768":false,"cosmic-thumbnail-1024xAUTO":false,"cosmic-thumbnail-1920x1080":false,"cosmic-thumbnail-AUTOx1080":false,"cosmic-thumbnail-1920xAUTO":false,"jetpack-portfolio-admin-thumb":false},"uagb_author_info":{"display_name":"admin","author_link":"https:\/\/opportunitepeyi.fr\/index.php\/author\/rolandc\/"},"uagb_comment_info":0,"uagb_excerpt":"Uncategorized Hello world! admin\u00b7novembre 29, 2019\u00b71 commentaire Welcome to WordPress. This is your first post. Edit or delete it, then start writing! Lire la suite","coauthors":[],"author_meta":{"author_link":"https:\/\/opportunitepeyi.fr\/index.php\/author\/rolandc\/","display_name":"admin"},"relative_dates":{"created":"Publi\u00e9 6 ans il y a","modified":"Mis \u00e0 jour 6 ans il y a"},"absolute_dates":{"created":"Publi\u00e9 le novembre 30, 2019","modified":"Mise \u00e0 jour le janvier 27, 2020"},"absolute_dates_time":{"created":"Publi\u00e9 le novembre 30, 2019 10:09 pm","modified":"Mise \u00e0 jour le janvier 27, 2020 12:18 pm"},"featured_img_caption":"","featured_img":false,"series_order":"","jetpack_sharing_enabled":true,"_links":{"self":[{"href":"https:\/\/opportunitepeyi.fr\/index.php\/wp-json\/wp\/v2\/pages\/61","targetHints":{"allow":["GET"]}}],"collection":[{"href":"https:\/\/opportunitepeyi.fr\/index.php\/wp-json\/wp\/v2\/pages"}],"about":[{"href":"https:\/\/opportunitepeyi.fr\/index.php\/wp-json\/wp\/v2\/types\/page"}],"author":[{"embeddable":true,"href":"https:\/\/opportunitepeyi.fr\/index.php\/wp-json\/wp\/v2\/users\/1"}],"replies":[{"embeddable":true,"href":"https:\/\/opportunitepeyi.fr\/index.php\/wp-json\/wp\/v2\/comments?post=61"}],"version-history":[{"count":57,"href":"https:\/\/opportunitepeyi.fr\/index.php\/wp-json\/wp\/v2\/pages\/61\/revisions"}],"predecessor-version":[{"id":2179,"href":"https:\/\/opportunitepeyi.fr\/index.php\/wp-json\/wp\/v2\/pages\/61\/revisions\/2179"}],"wp:attachment":[{"href":"https:\/\/opportunitepeyi.fr\/index.php\/wp-json\/wp\/v2\/media?parent=61"}],"curies":[{"name":"wp","href":"https:\/\/api.w.org\/{rel}","templated":true}]}}